{"id":1068,"date":"2022-10-25T20:25:43","date_gmt":"2022-10-25T20:25:43","guid":{"rendered":"https:\/\/ministerioslevantateainspirar.org\/?page_id=1068"},"modified":"2024-09-06T17:10:55","modified_gmt":"2024-09-06T17:10:55","slug":"grupos-levantate","status":"publish","type":"page","link":"https:\/\/ministerioslevantateainspirar.org\/en\/grupos-levantate\/","title":{"rendered":"Grupos Lev\u00e1ntate"},"content":{"rendered":"\t\t<div data-elementor-type=\"wp-page\" data-elementor-id=\"1068\" class=\"elementor elementor-1068\">\n\t\t\t\t\t\t<section class=\"elementor-section elementor-top-section elementor-element elementor-element-6c50779a elementor-section-full_width elementor-section-height-min-height elementor-section-items-stretch elementor-section-height-default\" data-id=\"6c50779a\" data-element_type=\"section\" data-e-type=\"section\" data-settings=\"{&quot;background_background&quot;:&quot;classic&quot;}\">\n\t\t\t\t\t\t\t<div class=\"elementor-background-overlay\"><\/div>\n\t\t\t\t\t\t\t<div class=\"elementor-container elementor-column-gap-no\">\n\t\t\t\t\t<div class=\"elementor-column elementor-col-100 elementor-top-column elementor-element elementor-element-308647e7\" data-id=\"308647e7\" data-element_type=\"column\" data-e-type=\"column\">\n\t\t\t<div class=\"elementor-widget-wrap elementor-element-populated\">\n\t\t\t\t\t\t<div class=\"elementor-element elementor-element-33ad4b53 elementor-widget elementor-widget-heading\" data-id=\"33ad4b53\" data-element_type=\"widget\" data-e-type=\"widget\" data-widget_type=\"heading.default\">\n\t\t\t\t<div class=\"elementor-widget-container\">\n\t\t\t\t\t<h1 class=\"elementor-heading-title elementor-size-default\">Convi\u00e9rtete en la mejor versi\u00f3n de ti mismo<\/h1>\t\t\t\t<\/div>\n\t\t\t\t<\/div>\n\t\t\t\t<div class=\"elementor-element elementor-element-94d4c85 elementor-widget__width-initial elementor-widget elementor-widget-text-editor\" data-id=\"94d4c85\" data-element_type=\"widget\" data-e-type=\"widget\" data-widget_type=\"text-editor.default\">\n\t\t\t\t<div class=\"elementor-widget-container\">\n\t\t\t\t\t\t\t\t\t<p>Renovar nuestro entendimiento\u00a0<b>significa mirar nuestras propias vidas como manifestaciones del amor de Dios<\/b>. Renovar nuestro entendimiento es poder mirar la vida, las personas, las cosas que nos suceden, de otra manera, para, como dice el texto b\u00edblico, entender la voluntad de Dios, que es agradable y perfecta.<\/p>\t\t\t\t\t\t\t\t<\/div>\n\t\t\t\t<\/div>\n\t\t\t\t\t<\/div>\n\t\t<\/div>\n\t\t\t\t\t<\/div>\n\t\t<\/section>\n\t\t\t\t<section class=\"elementor-section elementor-top-section elementor-element elementor-element-d96e423 elementor-section-boxed elementor-section-height-default elementor-section-height-default\" data-id=\"d96e423\" data-element_type=\"section\" data-e-type=\"section\">\n\t\t\t\t\t\t<div class=\"elementor-container elementor-column-gap-default\">\n\t\t\t\t\t<div class=\"elementor-column elementor-col-100 elementor-top-column elementor-element elementor-element-58e24ec\" data-id=\"58e24ec\" data-element_type=\"column\" data-e-type=\"column\">\n\t\t\t<div class=\"elementor-widget-wrap elementor-element-populated\">\n\t\t\t\t\t\t<div class=\"elementor-element elementor-element-b5f4c30 elementor-widget elementor-widget-heading\" data-id=\"b5f4c30\" data-element_type=\"widget\" data-e-type=\"widget\" data-widget_type=\"heading.default\">\n\t\t\t\t<div class=\"elementor-widget-container\">\n\t\t\t\t\t<h2 class=\"elementor-heading-title elementor-size-default\">\u00bfPOR QUE UN GRUPO LE VANTATE?<\/h2>\t\t\t\t<\/div>\n\t\t\t\t<\/div>\n\t\t\t\t<div class=\"elementor-element elementor-element-88bb140 elementor-widget elementor-widget-text-editor\" data-id=\"88bb140\" data-element_type=\"widget\" data-e-type=\"widget\" data-widget_type=\"text-editor.default\">\n\t\t\t\t<div class=\"elementor-widget-container\">\n\t\t\t\t\t\t\t\t\t<div class=\"et_pb_row et_pb_row_0\"><div class=\"et_pb_column et_pb_column_4_4 et_pb_column_0 et_pb_css_mix_blend_mode_passthrough et-last-child\"><div class=\"et_pb_module et_pb_text et_pb_text_1 et_pb_text_align_center et_pb_bg_layout_light\"><div class=\"et_pb_text_inner\"><h3>Este es un lugar donde se puede conectar.<\/h3><\/div><\/div><\/div><\/div>\t\t\t\t\t\t\t\t<\/div>\n\t\t\t\t<\/div>\n\t\t\t\t\t<\/div>\n\t\t<\/div>\n\t\t\t\t\t<\/div>\n\t\t<\/section>\n\t\t\t\t<section class=\"elementor-section elementor-top-section elementor-element elementor-element-7d7a3e10 elementor-section-full_width elementor-section-height-default elementor-section-height-default\" data-id=\"7d7a3e10\" data-element_type=\"section\" data-e-type=\"section\">\n\t\t\t\t\t\t<div class=\"elementor-container elementor-column-gap-no\">\n\t\t\t\t\t<div class=\"elementor-column elementor-col-100 elementor-top-column elementor-element elementor-element-1b45fbc\" data-id=\"1b45fbc\" data-element_type=\"column\" data-e-type=\"column\">\n\t\t\t<div class=\"elementor-widget-wrap elementor-element-populated\">\n\t\t\t\t\t\t<div class=\"elementor-element elementor-element-1b7cd8d4 elementor-widget__width-auto elementor-widget elementor-widget-heading\" data-id=\"1b7cd8d4\" data-element_type=\"widget\" data-e-type=\"widget\" data-widget_type=\"heading.default\">\n\t\t\t\t<div class=\"elementor-widget-container\">\n\t\t\t\t\t<h3 class=\"elementor-heading-title elementor-size-default\">Grupos Lev\u00e1ntate y Resplandece<\/h3>\t\t\t\t<\/div>\n\t\t\t\t<\/div>\n\t\t\t\t<section class=\"elementor-section elementor-inner-section elementor-element elementor-element-3ea231df elementor-section-full_width elementor-section-height-default elementor-section-height-default\" data-id=\"3ea231df\" data-element_type=\"section\" data-e-type=\"section\">\n\t\t\t\t\t\t<div class=\"elementor-container elementor-column-gap-no\">\n\t\t\t\t\t<div class=\"elementor-column elementor-col-33 elementor-inner-column elementor-element elementor-element-39e42f7b\" data-id=\"39e42f7b\" data-element_type=\"column\" data-e-type=\"column\">\n\t\t\t<div class=\"elementor-widget-wrap elementor-element-populated\">\n\t\t\t\t\t\t<div class=\"elementor-element elementor-element-1dd7885c elementor-widget elementor-widget-image\" data-id=\"1dd7885c\" data-element_type=\"widget\" data-e-type=\"widget\" data-widget_type=\"image.default\">\n\t\t\t\t<div class=\"elementor-widget-container\">\n\t\t\t\t\t\t\t\t\t\t\t\t\t\t\t<img fetchpriority=\"high\" decoding=\"async\" width=\"500\" height=\"500\" src=\"https:\/\/i0.wp.com\/ministerioslevantateainspirar.org\/wp-content\/uploads\/2022\/10\/1.png?fit=500%2C500&amp;ssl=1\" class=\"attachment-full size-full wp-image-1094\" alt=\"\" srcset=\"https:\/\/i0.wp.com\/ministerioslevantateainspirar.org\/wp-content\/uploads\/2022\/10\/1.png?w=500&amp;ssl=1 500w, https:\/\/i0.wp.com\/ministerioslevantateainspirar.org\/wp-content\/uploads\/2022\/10\/1.png?resize=300%2C300&amp;ssl=1 300w, https:\/\/i0.wp.com\/ministerioslevantateainspirar.org\/wp-content\/uploads\/2022\/10\/1.png?resize=150%2C150&amp;ssl=1 150w, https:\/\/i0.wp.com\/ministerioslevantateainspirar.org\/wp-content\/uploads\/2022\/10\/1.png?resize=12%2C12&amp;ssl=1 12w\" sizes=\"(max-width: 500px) 100vw, 500px\" \/>\t\t\t\t\t\t\t\t\t\t\t\t\t\t\t<\/div>\n\t\t\t\t<\/div>\n\t\t\t\t<div class=\"elementor-element elementor-element-6d0f9e03 elementor-invisible elementor-widget elementor-widget-image-box\" data-id=\"6d0f9e03\" data-element_type=\"widget\" data-e-type=\"widget\" data-settings=\"{&quot;_animation&quot;:&quot;fadeInDown&quot;}\" data-widget_type=\"image-box.default\">\n\t\t\t\t<div class=\"elementor-widget-container\">\n\t\t\t\t\t<div class=\"elementor-image-box-wrapper\"><div class=\"elementor-image-box-content\"><h4 class=\"elementor-image-box-title\">CULTIVAR RELACIONES<\/h4><p class=\"elementor-image-box-description\">No estas solo! Encuentra una comunidad de personas que te apoyan en tu caminar con Dios.<\/p><\/div><\/div>\t\t\t\t<\/div>\n\t\t\t\t<\/div>\n\t\t\t\t\t<\/div>\n\t\t<\/div>\n\t\t\t\t<div class=\"elementor-column elementor-col-33 elementor-inner-column elementor-element elementor-element-5b643384\" data-id=\"5b643384\" data-element_type=\"column\" data-e-type=\"column\">\n\t\t\t<div class=\"elementor-widget-wrap elementor-element-populated\">\n\t\t\t\t\t\t<div class=\"elementor-element elementor-element-289224f8 elementor-widget elementor-widget-image\" data-id=\"289224f8\" data-element_type=\"widget\" data-e-type=\"widget\" data-widget_type=\"image.default\">\n\t\t\t\t<div class=\"elementor-widget-container\">\n\t\t\t\t\t\t\t\t\t\t\t\t\t\t\t<img decoding=\"async\" width=\"500\" height=\"500\" src=\"https:\/\/i0.wp.com\/ministerioslevantateainspirar.org\/wp-content\/uploads\/2022\/10\/2.png?fit=500%2C500&amp;ssl=1\" class=\"attachment-full size-full wp-image-1095\" alt=\"\" srcset=\"https:\/\/i0.wp.com\/ministerioslevantateainspirar.org\/wp-content\/uploads\/2022\/10\/2.png?w=500&amp;ssl=1 500w, https:\/\/i0.wp.com\/ministerioslevantateainspirar.org\/wp-content\/uploads\/2022\/10\/2.png?resize=300%2C300&amp;ssl=1 300w, https:\/\/i0.wp.com\/ministerioslevantateainspirar.org\/wp-content\/uploads\/2022\/10\/2.png?resize=150%2C150&amp;ssl=1 150w, https:\/\/i0.wp.com\/ministerioslevantateainspirar.org\/wp-content\/uploads\/2022\/10\/2.png?resize=12%2C12&amp;ssl=1 12w\" sizes=\"(max-width: 500px) 100vw, 500px\" \/>\t\t\t\t\t\t\t\t\t\t\t\t\t\t\t<\/div>\n\t\t\t\t<\/div>\n\t\t\t\t<div class=\"elementor-element elementor-element-7b60d410 elementor-invisible elementor-widget elementor-widget-image-box\" data-id=\"7b60d410\" data-element_type=\"widget\" data-e-type=\"widget\" data-settings=\"{&quot;_animation&quot;:&quot;fadeInDown&quot;}\" data-widget_type=\"image-box.default\">\n\t\t\t\t<div class=\"elementor-widget-container\">\n\t\t\t\t\t<div class=\"elementor-image-box-wrapper\"><div class=\"elementor-image-box-content\"><h4 class=\"elementor-image-box-title\">CUIDADO PASTORAL<\/h4><p class=\"elementor-image-box-description\">Te guiaran y equiparan en la palabra y poder de Dios para ir mas all\u00e1 de lo que haz podido hacer<\/p><\/div><\/div>\t\t\t\t<\/div>\n\t\t\t\t<\/div>\n\t\t\t\t\t<\/div>\n\t\t<\/div>\n\t\t\t\t<div class=\"elementor-column elementor-col-33 elementor-inner-column elementor-element elementor-element-132824b6\" data-id=\"132824b6\" data-element_type=\"column\" data-e-type=\"column\">\n\t\t\t<div class=\"elementor-widget-wrap elementor-element-populated\">\n\t\t\t\t\t\t<div class=\"elementor-element elementor-element-2708d481 elementor-widget elementor-widget-image\" data-id=\"2708d481\" data-element_type=\"widget\" data-e-type=\"widget\" data-widget_type=\"image.default\">\n\t\t\t\t<div class=\"elementor-widget-container\">\n\t\t\t\t\t\t\t\t\t\t\t\t\t\t\t<img decoding=\"async\" width=\"500\" height=\"500\" src=\"https:\/\/i0.wp.com\/ministerioslevantateainspirar.org\/wp-content\/uploads\/2022\/10\/3.png?fit=500%2C500&amp;ssl=1\" class=\"attachment-full size-full wp-image-1096\" alt=\"\" srcset=\"https:\/\/i0.wp.com\/ministerioslevantateainspirar.org\/wp-content\/uploads\/2022\/10\/3.png?w=500&amp;ssl=1 500w, https:\/\/i0.wp.com\/ministerioslevantateainspirar.org\/wp-content\/uploads\/2022\/10\/3.png?resize=300%2C300&amp;ssl=1 300w, https:\/\/i0.wp.com\/ministerioslevantateainspirar.org\/wp-content\/uploads\/2022\/10\/3.png?resize=150%2C150&amp;ssl=1 150w, https:\/\/i0.wp.com\/ministerioslevantateainspirar.org\/wp-content\/uploads\/2022\/10\/3.png?resize=12%2C12&amp;ssl=1 12w\" sizes=\"(max-width: 500px) 100vw, 500px\" \/>\t\t\t\t\t\t\t\t\t\t\t\t\t\t\t<\/div>\n\t\t\t\t<\/div>\n\t\t\t\t<div class=\"elementor-element elementor-element-33cbab10 elementor-invisible elementor-widget elementor-widget-image-box\" data-id=\"33cbab10\" data-element_type=\"widget\" data-e-type=\"widget\" data-settings=\"{&quot;_animation&quot;:&quot;fadeInDown&quot;}\" data-widget_type=\"image-box.default\">\n\t\t\t\t<div class=\"elementor-widget-container\">\n\t\t\t\t\t<div class=\"elementor-image-box-wrapper\"><div class=\"elementor-image-box-content\"><h4 class=\"elementor-image-box-title\">NUEVOS COMIENZOS<\/h4><p class=\"elementor-image-box-description\">Dios tiene un prop\u00f3sito para su vida. Conozca todas las maneras en que podemos ayudarle a descubrirlo, desarrollarlo y a caminar en \u00e9l.<\/p><\/div><\/div>\t\t\t\t<\/div>\n\t\t\t\t<\/div>\n\t\t\t\t\t<\/div>\n\t\t<\/div>\n\t\t\t\t\t<\/div>\n\t\t<\/section>\n\t\t\t\t\t<\/div>\n\t\t<\/div>\n\t\t\t\t\t<\/div>\n\t\t<\/section>\n\t\t\t\t<section class=\"elementor-section elementor-top-section elementor-element elementor-element-12ca4ccb elementor-section-full_width elementor-section-height-min-height elementor-section-items-stretch elementor-section-height-default\" data-id=\"12ca4ccb\" data-element_type=\"section\" data-e-type=\"section\" data-settings=\"{&quot;background_background&quot;:&quot;slideshow&quot;,&quot;background_slideshow_gallery&quot;:[{&quot;id&quot;:1102,&quot;url&quot;:&quot;https:\\\/\\\/ministerioslevantateainspirar.org\\\/wp-content\\\/uploads\\\/2022\\\/10\\\/4.png&quot;},{&quot;id&quot;:1103,&quot;url&quot;:&quot;https:\\\/\\\/ministerioslevantateainspirar.org\\\/wp-content\\\/uploads\\\/2022\\\/10\\\/5.png&quot;},{&quot;id&quot;:1104,&quot;url&quot;:&quot;https:\\\/\\\/ministerioslevantateainspirar.org\\\/wp-content\\\/uploads\\\/2022\\\/10\\\/6.png&quot;}],&quot;background_slideshow_slide_duration&quot;:3000,&quot;background_slideshow_ken_burns&quot;:&quot;yes&quot;,&quot;background_slideshow_ken_burns_zoom_direction&quot;:&quot;out&quot;,&quot;background_slideshow_loop&quot;:&quot;yes&quot;,&quot;background_slideshow_slide_transition&quot;:&quot;fade&quot;,&quot;background_slideshow_transition_duration&quot;:500}\">\n\t\t\t\t\t\t\t<div class=\"elementor-background-overlay\"><\/div>\n\t\t\t\t\t\t\t<div class=\"elementor-container elementor-column-gap-no\">\n\t\t\t\t\t<div class=\"elementor-column elementor-col-100 elementor-top-column elementor-element elementor-element-28aeef21\" data-id=\"28aeef21\" data-element_type=\"column\" data-e-type=\"column\">\n\t\t\t<div class=\"elementor-widget-wrap elementor-element-populated\">\n\t\t\t\t\t\t<div class=\"elementor-element elementor-element-7a6a7054 elementor-widget elementor-widget-heading\" data-id=\"7a6a7054\" data-element_type=\"widget\" data-e-type=\"widget\" data-widget_type=\"heading.default\">\n\t\t\t\t<div class=\"elementor-widget-container\">\n\t\t\t\t\t<h2 class=\"elementor-heading-title elementor-size-default\">Somos Familia<\/h2>\t\t\t\t<\/div>\n\t\t\t\t<\/div>\n\t\t\t\t<div class=\"elementor-element elementor-element-69f18eba elementor-widget__width-initial elementor-widget elementor-widget-text-editor\" data-id=\"69f18eba\" data-element_type=\"widget\" data-e-type=\"widget\" data-widget_type=\"text-editor.default\">\n\t\t\t\t<div class=\"elementor-widget-container\">\n\t\t\t\t\t\t\t\t\t<p>Un Grupo Lev\u00e1ntate es un lugar en la ciudad donde est\u00e1 presente la misma unci\u00f3n, el mismo poder sobrenatural y la misma presencia de Dios que descansa en nuestra iglesia principal. Es un centro que est\u00e1 abierto para recibir a vecinos, familiares y amigos, con el fin de compartir el evangelio del Reino.<\/p>\t\t\t\t\t\t\t\t<\/div>\n\t\t\t\t<\/div>\n\t\t\t\t<div class=\"elementor-element elementor-element-10149b3f elementor-mobile-align-center elementor-widget elementor-widget-button\" data-id=\"10149b3f\" data-element_type=\"widget\" data-e-type=\"widget\" data-widget_type=\"button.default\">\n\t\t\t\t<div class=\"elementor-widget-container\">\n\t\t\t\t\t\t\t\t\t<div class=\"elementor-button-wrapper\">\n\t\t\t\t\t<a class=\"elementor-button elementor-button-link elementor-size-sm\" href=\"#\">\n\t\t\t\t\t\t<span class=\"elementor-button-content-wrapper\">\n\t\t\t\t\t\t<span class=\"elementor-button-icon\">\n\t\t\t\t<svg xmlns=\"http:\/\/www.w3.org\/2000\/svg\" id=\"e7693ca5-bf76-42df-999c-dbc3066cda9e\" data-name=\"Layer 1\" width=\"21.3525\" height=\"10.7197\" viewBox=\"0 0 21.3525 10.7197\"><polygon points=\"21 5.229 21.343 4.865 16.165 0 15.479 0.729 19.737 4.729 0 4.729 0 5.729 19.786 5.729 15.47 10.009 16.175 10.72 21.353 5.584 21 5.229\"><\/polygon><\/svg>\t\t\t<\/span>\n\t\t\t\t\t\t\t\t\t<span class=\"elementor-button-text\">Servicios en L\u00ednea<\/span>\n\t\t\t\t\t<\/span>\n\t\t\t\t\t<\/a>\n\t\t\t\t<\/div>\n\t\t\t\t\t\t\t\t<\/div>\n\t\t\t\t<\/div>\n\t\t\t\t<div class=\"elementor-element elementor-element-c1deaba elementor-widget elementor-widget-image\" data-id=\"c1deaba\" data-element_type=\"widget\" data-e-type=\"widget\" data-widget_type=\"image.default\">\n\t\t\t\t<div class=\"elementor-widget-container\">\n\t\t\t\t\t\t\t\t\t\t\t\t\t\t\t<img loading=\"lazy\" decoding=\"async\" width=\"225\" height=\"300\" src=\"https:\/\/i0.wp.com\/ministerioslevantateainspirar.org\/wp-content\/uploads\/2022\/10\/NUEVO.png?fit=225%2C300&amp;ssl=1\" class=\"attachment-medium size-medium wp-image-1144\" alt=\"\" srcset=\"https:\/\/i0.wp.com\/ministerioslevantateainspirar.org\/wp-content\/uploads\/2022\/10\/NUEVO.png?w=1728&amp;ssl=1 1728w, https:\/\/i0.wp.com\/ministerioslevantateainspirar.org\/wp-content\/uploads\/2022\/10\/NUEVO.png?resize=225%2C300&amp;ssl=1 225w, https:\/\/i0.wp.com\/ministerioslevantateainspirar.org\/wp-content\/uploads\/2022\/10\/NUEVO.png?resize=768%2C1024&amp;ssl=1 768w, https:\/\/i0.wp.com\/ministerioslevantateainspirar.org\/wp-content\/uploads\/2022\/10\/NUEVO.png?resize=1152%2C1536&amp;ssl=1 1152w, https:\/\/i0.wp.com\/ministerioslevantateainspirar.org\/wp-content\/uploads\/2022\/10\/NUEVO.png?resize=1536%2C2048&amp;ssl=1 1536w, https:\/\/i0.wp.com\/ministerioslevantateainspirar.org\/wp-content\/uploads\/2022\/10\/NUEVO.png?resize=9%2C12&amp;ssl=1 9w, https:\/\/i0.wp.com\/ministerioslevantateainspirar.org\/wp-content\/uploads\/2022\/10\/NUEVO.png?resize=1320%2C1760&amp;ssl=1 1320w\" sizes=\"(max-width: 225px) 100vw, 225px\" \/>\t\t\t\t\t\t\t\t\t\t\t\t\t\t\t<\/div>\n\t\t\t\t<\/div>\n\t\t\t\t\t<\/div>\n\t\t<\/div>\n\t\t\t\t\t<\/div>\n\t\t<\/section>\n\t\t\t\t<\/div>\n\t\t","protected":false},"excerpt":{"rendered":"<p>Convi\u00e9rtete en la mejor versi\u00f3n de ti mismo Renovar nuestro entendimiento\u00a0significa mirar nuestras propias vidas como manifestaciones del amor de Dios. Renovar nuestro entendimiento es poder mirar la vida, las personas, las cosas que nos suceden, de otra manera, para, como dice el texto b\u00edblico, entender la voluntad de Dios, que es agradable y perfecta. [&hellip;]<\/p>\n","protected":false},"author":1,"featured_media":0,"parent":0,"menu_order":0,"comment_status":"closed","ping_status":"closed","template":"","meta":{"site-sidebar-layout":"no-sidebar","site-content-layout":"page-builder","ast-site-content-layout":"default","site-content-style":"default","site-sidebar-style":"default","ast-global-header-display":"","ast-banner-title-visibility":"","ast-main-header-display":"","ast-hfb-above-header-display":"","ast-hfb-below-header-display":"","ast-hfb-mobile-header-display":"","site-post-title":"disabled","ast-breadcrumbs-content":"","ast-featured-img":"disabled","footer-sml-layout":"","ast-disable-related-posts":"","theme-transparent-header-meta":"default","adv-header-id-meta":"","stick-header-meta":"","header-above-stick-meta":"","header-main-stick-meta":"","header-below-stick-meta":"","astra-migrate-meta-layouts":"default","ast-page-background-enabled":"default","ast-page-background-meta":{"desktop":{"background-color":"","background-image":"","background-repeat":"repeat","background-position":"center center","background-size":"auto","background-attachment":"scroll","background-type":"","background-media":"","overlay-type":"","overlay-color":"","overlay-opacity":"","overlay-gradient":""},"tablet":{"background-color":"","background-image":"","background-repeat":"repeat","background-position":"center center","background-size":"auto","background-attachment":"scroll","background-type":"","background-media":"","overlay-type":"","overlay-color":"","overlay-opacity":"","overlay-gradient":""},"mobile":{"background-color":"","background-image":"","background-repeat":"repeat","background-position":"center center","background-size":"auto","background-attachment":"scroll","background-type":"","background-media":"","overlay-type":"","overlay-color":"","overlay-opacity":"","overlay-gradient":""}},"ast-content-background-meta":{"desktop":{"background-color":"var(--ast-global-color-5)","background-image":"","background-repeat":"repeat","background-position":"center center","background-size":"auto","background-attachment":"scroll","background-type":"","background-media":"","overlay-type":"","overlay-color":"","overlay-opacity":"","overlay-gradient":""},"tablet":{"background-color":"var(--ast-global-color-5)","background-image":"","background-repeat":"repeat","background-position":"center center","background-size":"auto","background-attachment":"scroll","background-type":"","background-media":"","overlay-type":"","overlay-color":"","overlay-opacity":"","overlay-gradient":""},"mobile":{"background-color":"var(--ast-global-color-5)","background-image":"","background-repeat":"repeat","background-position":"center center","background-size":"auto","background-attachment":"scroll","background-type":"","background-media":"","overlay-type":"","overlay-color":"","overlay-opacity":"","overlay-gradient":""}},"footnotes":""},"class_list":["post-1068","page","type-page","status-publish","hentry"],"jetpack-related-posts":[],"jetpack_sharing_enabled":true,"_links":{"self":[{"href":"https:\/\/ministerioslevantateainspirar.org\/en\/wp-json\/wp\/v2\/pages\/1068","targetHints":{"allow":["GET"]}}],"collection":[{"href":"https:\/\/ministerioslevantateainspirar.org\/en\/wp-json\/wp\/v2\/pages"}],"about":[{"href":"https:\/\/ministerioslevantateainspirar.org\/en\/wp-json\/wp\/v2\/types\/page"}],"author":[{"embeddable":true,"href":"https:\/\/ministerioslevantateainspirar.org\/en\/wp-json\/wp\/v2\/users\/1"}],"replies":[{"embeddable":true,"href":"https:\/\/ministerioslevantateainspirar.org\/en\/wp-json\/wp\/v2\/comments?post=1068"}],"version-history":[{"count":49,"href":"https:\/\/ministerioslevantateainspirar.org\/en\/wp-json\/wp\/v2\/pages\/1068\/revisions"}],"predecessor-version":[{"id":1242,"href":"https:\/\/ministerioslevantateainspirar.org\/en\/wp-json\/wp\/v2\/pages\/1068\/revisions\/1242"}],"wp:attachment":[{"href":"https:\/\/ministerioslevantateainspirar.org\/en\/wp-json\/wp\/v2\/media?parent=1068"}],"curies":[{"name":"wp","href":"https:\/\/api.w.org\/{rel}","templated":true}]}}