{"id":660,"date":"2018-02-06T11:43:05","date_gmt":"2018-02-06T11:43:05","guid":{"rendered":"https:\/\/ministerioslevantateainspirar.org\/courses\/"},"modified":"2024-01-04T18:16:41","modified_gmt":"2024-01-04T18:16:41","slug":"servicios","status":"publish","type":"page","link":"https:\/\/ministerioslevantateainspirar.org\/en\/servicios\/","title":{"rendered":"Services"},"content":{"rendered":"<div data-elementor-type=\"wp-post\" data-elementor-id=\"660\" class=\"elementor elementor-660\">\n\t\t\t\t\t\t<section class=\"elementor-section elementor-top-section elementor-element elementor-element-766c8b66 elementor-section-content-bottom elementor-section-boxed elementor-section-height-default elementor-section-height-default\" data-id=\"766c8b66\" data-element_type=\"section\" data-e-type=\"section\" data-settings=\"{&quot;background_background&quot;:&quot;classic&quot;}\">\n\t\t\t\t\t\t\t<div class=\"elementor-background-overlay\"><\/div>\n\t\t\t\t\t\t\t<div class=\"elementor-container elementor-column-gap-extended\">\n\t\t\t\t\t<div class=\"elementor-column elementor-col-100 elementor-top-column elementor-element elementor-element-7fc76299\" data-id=\"7fc76299\" data-element_type=\"column\" data-e-type=\"column\">\n\t\t\t<div class=\"elementor-widget-wrap elementor-element-populated\">\n\t\t\t\t\t\t<div class=\"elementor-element elementor-element-59e3f339 elementor-widget elementor-widget-heading\" data-id=\"59e3f339\" data-element_type=\"widget\" data-e-type=\"widget\" data-widget_type=\"heading.default\">\n\t\t\t\t<div class=\"elementor-widget-container\">\n\t\t\t\t\t<h1 class=\"elementor-heading-title elementor-size-default\">Services<\/h1>\t\t\t\t<\/div>\n\t\t\t\t<\/div>\n\t\t\t\t\t<\/div>\n\t\t<\/div>\n\t\t\t\t\t<\/div>\n\t\t<\/section>\n\t\t\t\t<section class=\"elementor-section elementor-top-section elementor-element elementor-element-53bd6a3 elementor-section-content-middle elementor-section-boxed elementor-section-height-default elementor-section-height-default\" data-id=\"53bd6a3\" data-element_type=\"section\" data-e-type=\"section\">\n\t\t\t\t\t\t<div class=\"elementor-container elementor-column-gap-extended\">\n\t\t\t\t\t<div class=\"elementor-column elementor-col-100 elementor-top-column elementor-element elementor-element-a752c72\" data-id=\"a752c72\" data-element_type=\"column\" data-e-type=\"column\">\n\t\t\t<div class=\"elementor-widget-wrap elementor-element-populated\">\n\t\t\t\t\t\t<div class=\"elementor-element elementor-element-7d99f2da elementor-widget elementor-widget-heading\" data-id=\"7d99f2da\" data-element_type=\"widget\" data-e-type=\"widget\" data-widget_type=\"heading.default\">\n\t\t\t\t<div class=\"elementor-widget-container\">\n\t\t\t\t\t<h2 class=\"elementor-heading-title elementor-size-default\">WE INVITE YOU TO BECOME A PART OF OUR FAMILY<\/h2>\t\t\t\t<\/div>\n\t\t\t\t<\/div>\n\t\t\t\t<div class=\"elementor-element elementor-element-be527a9 elementor-widget elementor-widget-text-editor\" data-id=\"be527a9\" data-element_type=\"widget\" data-e-type=\"widget\" data-widget_type=\"text-editor.default\">\n\t\t\t\t<div class=\"elementor-widget-container\">\n\t\t\t\t\t\t\t\t\t<h5 class=\"elementor-heading-title elementor-size-default\">God has marked us with a vision, and our passion is to walk according to the purpose of His heart. Each member of this family becomes an active part of the body of Christ; always moving, growing and multiplying. We are hungry for more of His Spirit, because we are witnesses to His power and His love.<\/h5>\t\t\t\t\t\t\t\t<\/div>\n\t\t\t\t<\/div>\n\t\t\t\t<section class=\"elementor-section elementor-inner-section elementor-element elementor-element-649a11c elementor-section-boxed elementor-section-height-default elementor-section-height-default\" data-id=\"649a11c\" data-element_type=\"section\" data-e-type=\"section\">\n\t\t\t\t\t\t<div class=\"elementor-container elementor-column-gap-default\">\n\t\t\t\t\t<div class=\"elementor-column elementor-col-50 elementor-inner-column elementor-element elementor-element-5e03f96\" data-id=\"5e03f96\" data-element_type=\"column\" data-e-type=\"column\">\n\t\t\t<div class=\"elementor-widget-wrap elementor-element-populated\">\n\t\t\t\t\t\t<div class=\"elementor-element elementor-element-f0e9753 elementor-position-top elementor-widget elementor-widget-image-box\" data-id=\"f0e9753\" data-element_type=\"widget\" data-e-type=\"widget\" data-widget_type=\"image-box.default\">\n\t\t\t\t<div class=\"elementor-widget-container\">\n\t\t\t\t\t<div class=\"elementor-image-box-wrapper\"><figure class=\"elementor-image-box-img\"><img fetchpriority=\"high\" decoding=\"async\" width=\"1350\" height=\"650\" src=\"https:\/\/i0.wp.com\/ministerioslevantateainspirar.org\/wp-content\/uploads\/2021\/10\/2.png?fit=1350%2C650&amp;ssl=1\" class=\"attachment-full size-full wp-image-883\" alt=\"\" srcset=\"https:\/\/i0.wp.com\/ministerioslevantateainspirar.org\/wp-content\/uploads\/2021\/10\/2.png?w=1350&amp;ssl=1 1350w, https:\/\/i0.wp.com\/ministerioslevantateainspirar.org\/wp-content\/uploads\/2021\/10\/2.png?resize=300%2C144&amp;ssl=1 300w, https:\/\/i0.wp.com\/ministerioslevantateainspirar.org\/wp-content\/uploads\/2021\/10\/2.png?resize=1024%2C493&amp;ssl=1 1024w, https:\/\/i0.wp.com\/ministerioslevantateainspirar.org\/wp-content\/uploads\/2021\/10\/2.png?resize=768%2C370&amp;ssl=1 768w, https:\/\/i0.wp.com\/ministerioslevantateainspirar.org\/wp-content\/uploads\/2021\/10\/2.png?resize=18%2C9&amp;ssl=1 18w, https:\/\/i0.wp.com\/ministerioslevantateainspirar.org\/wp-content\/uploads\/2021\/10\/2.png?resize=1320%2C636&amp;ssl=1 1320w\" sizes=\"(max-width: 1000px) 100vw, 1000px\" \/><\/figure><div class=\"elementor-image-box-content\"><h3 class=\"elementor-image-box-title\">Martes Online<\/h3><p class=\"elementor-image-box-description\">Praise and Worship Service and Sermon with Pastor Wilmer Fiore.<\/p><\/div><\/div>\t\t\t\t<\/div>\n\t\t\t\t<\/div>\n\t\t\t\t\t<\/div>\n\t\t<\/div>\n\t\t\t\t<div class=\"elementor-column elementor-col-50 elementor-inner-column elementor-element elementor-element-2bac333\" data-id=\"2bac333\" data-element_type=\"column\" data-e-type=\"column\">\n\t\t\t<div class=\"elementor-widget-wrap elementor-element-populated\">\n\t\t\t\t\t\t<div class=\"elementor-element elementor-element-b53da33 elementor-position-top elementor-widget elementor-widget-image-box\" data-id=\"b53da33\" data-element_type=\"widget\" data-e-type=\"widget\" data-widget_type=\"image-box.default\">\n\t\t\t\t<div class=\"elementor-widget-container\">\n\t\t\t\t\t<div class=\"elementor-image-box-wrapper\"><figure class=\"elementor-image-box-img\"><img data-recalc-dims=\"1\" decoding=\"async\" src=\"https:\/\/i0.wp.com\/ministerioslevantateainspirar.org\/wp-content\/uploads\/2021\/10\/3.png?ssl=1\" title=\"\" alt=\"\" loading=\"lazy\" \/><\/figure><div class=\"elementor-image-box-content\"><h3 class=\"elementor-image-box-title\">Miercoles Online<\/h3><p class=\"elementor-image-box-description\">Bible class with Pastor Hilda Sanchez.<\/p><\/div><\/div>\t\t\t\t<\/div>\n\t\t\t\t<\/div>\n\t\t\t\t\t<\/div>\n\t\t<\/div>\n\t\t\t\t\t<\/div>\n\t\t<\/section>\n\t\t\t\t<section class=\"elementor-section elementor-inner-section elementor-element elementor-element-bea918a elementor-section-boxed elementor-section-height-default elementor-section-height-default\" data-id=\"bea918a\" data-element_type=\"section\" data-e-type=\"section\">\n\t\t\t\t\t\t<div class=\"elementor-container elementor-column-gap-default\">\n\t\t\t\t\t<div class=\"elementor-column elementor-col-33 elementor-inner-column elementor-element elementor-element-6613ac9\" data-id=\"6613ac9\" data-element_type=\"column\" data-e-type=\"column\">\n\t\t\t<div class=\"elementor-widget-wrap elementor-element-populated\">\n\t\t\t\t\t\t<div class=\"elementor-element elementor-element-9855781 elementor-position-top elementor-widget elementor-widget-image-box\" data-id=\"9855781\" data-element_type=\"widget\" data-e-type=\"widget\" data-widget_type=\"image-box.default\">\n\t\t\t\t<div class=\"elementor-widget-container\">\n\t\t\t\t\t<div class=\"elementor-image-box-wrapper\"><figure class=\"elementor-image-box-img\"><img data-recalc-dims=\"1\" decoding=\"async\" src=\"https:\/\/i0.wp.com\/ministerioslevantateainspirar.org\/wp-content\/uploads\/2021\/10\/5.png?ssl=1\" title=\"\" alt=\"\" loading=\"lazy\" \/><\/figure><div class=\"elementor-image-box-content\"><h3 class=\"elementor-image-box-title\">Viernes Online<\/h3><p class=\"elementor-image-box-description\">Mujeres del Reino <\/p><\/div><\/div>\t\t\t\t<\/div>\n\t\t\t\t<\/div>\n\t\t\t\t\t<\/div>\n\t\t<\/div>\n\t\t\t\t<div class=\"elementor-column elementor-col-33 elementor-inner-column elementor-element elementor-element-4dc2983\" data-id=\"4dc2983\" data-element_type=\"column\" data-e-type=\"column\">\n\t\t\t<div class=\"elementor-widget-wrap elementor-element-populated\">\n\t\t\t\t\t\t<div class=\"elementor-element elementor-element-e598d25 elementor-position-top elementor-widget elementor-widget-image-box\" data-id=\"e598d25\" data-element_type=\"widget\" data-e-type=\"widget\" data-widget_type=\"image-box.default\">\n\t\t\t\t<div class=\"elementor-widget-container\">\n\t\t\t\t\t<div class=\"elementor-image-box-wrapper\"><figure class=\"elementor-image-box-img\"><img decoding=\"async\" width=\"2560\" height=\"1440\" src=\"https:\/\/i0.wp.com\/ministerioslevantateainspirar.org\/wp-content\/uploads\/2022\/10\/m.png?fit=2560%2C1440&amp;ssl=1\" class=\"attachment-full size-full wp-image-1084\" alt=\"\" srcset=\"https:\/\/i0.wp.com\/ministerioslevantateainspirar.org\/wp-content\/uploads\/2022\/10\/m.png?w=2560&amp;ssl=1 2560w, https:\/\/i0.wp.com\/ministerioslevantateainspirar.org\/wp-content\/uploads\/2022\/10\/m.png?resize=300%2C169&amp;ssl=1 300w, https:\/\/i0.wp.com\/ministerioslevantateainspirar.org\/wp-content\/uploads\/2022\/10\/m.png?resize=1024%2C576&amp;ssl=1 1024w, https:\/\/i0.wp.com\/ministerioslevantateainspirar.org\/wp-content\/uploads\/2022\/10\/m.png?resize=768%2C432&amp;ssl=1 768w, https:\/\/i0.wp.com\/ministerioslevantateainspirar.org\/wp-content\/uploads\/2022\/10\/m.png?resize=1536%2C864&amp;ssl=1 1536w, https:\/\/i0.wp.com\/ministerioslevantateainspirar.org\/wp-content\/uploads\/2022\/10\/m.png?resize=2048%2C1152&amp;ssl=1 2048w, https:\/\/i0.wp.com\/ministerioslevantateainspirar.org\/wp-content\/uploads\/2022\/10\/m.png?resize=18%2C10&amp;ssl=1 18w, https:\/\/i0.wp.com\/ministerioslevantateainspirar.org\/wp-content\/uploads\/2022\/10\/m.png?resize=1320%2C743&amp;ssl=1 1320w\" sizes=\"(max-width: 1000px) 100vw, 1000px\" \/><\/figure><div class=\"elementor-image-box-content\"><h3 class=\"elementor-image-box-title\">Saturdays<\/h3><p class=\"elementor-image-box-description\">(C\u00e9lulas) Casas de reuni\u00f3n  Lev\u00e1ntate<\/p><\/div><\/div>\t\t\t\t<\/div>\n\t\t\t\t<\/div>\n\t\t\t\t\t<\/div>\n\t\t<\/div>\n\t\t\t\t<div class=\"elementor-column elementor-col-33 elementor-inner-column elementor-element elementor-element-56c2167\" data-id=\"56c2167\" data-element_type=\"column\" data-e-type=\"column\">\n\t\t\t<div class=\"elementor-widget-wrap elementor-element-populated\">\n\t\t\t\t\t\t<div class=\"elementor-element elementor-element-324e2e8 elementor-position-top elementor-widget elementor-widget-image-box\" data-id=\"324e2e8\" data-element_type=\"widget\" data-e-type=\"widget\" data-widget_type=\"image-box.default\">\n\t\t\t\t<div class=\"elementor-widget-container\">\n\t\t\t\t\t<div class=\"elementor-image-box-wrapper\"><figure class=\"elementor-image-box-img\"><img decoding=\"async\" width=\"1201\" height=\"850\" src=\"https:\/\/i0.wp.com\/ministerioslevantateainspirar.org\/wp-content\/uploads\/2024\/01\/Screen-Shot-2023-10-06-at-12.39.25-PM.png?fit=1201%2C850&amp;ssl=1\" class=\"attachment-full size-full wp-image-1184\" alt=\"\" srcset=\"https:\/\/i0.wp.com\/ministerioslevantateainspirar.org\/wp-content\/uploads\/2024\/01\/Screen-Shot-2023-10-06-at-12.39.25-PM.png?w=1201&amp;ssl=1 1201w, https:\/\/i0.wp.com\/ministerioslevantateainspirar.org\/wp-content\/uploads\/2024\/01\/Screen-Shot-2023-10-06-at-12.39.25-PM.png?resize=300%2C212&amp;ssl=1 300w, https:\/\/i0.wp.com\/ministerioslevantateainspirar.org\/wp-content\/uploads\/2024\/01\/Screen-Shot-2023-10-06-at-12.39.25-PM.png?resize=1024%2C725&amp;ssl=1 1024w, https:\/\/i0.wp.com\/ministerioslevantateainspirar.org\/wp-content\/uploads\/2024\/01\/Screen-Shot-2023-10-06-at-12.39.25-PM.png?resize=768%2C544&amp;ssl=1 768w, https:\/\/i0.wp.com\/ministerioslevantateainspirar.org\/wp-content\/uploads\/2024\/01\/Screen-Shot-2023-10-06-at-12.39.25-PM.png?resize=18%2C12&amp;ssl=1 18w\" sizes=\"(max-width: 1000px) 100vw, 1000px\" \/><\/figure><div class=\"elementor-image-box-content\"><h3 class=\"elementor-image-box-title\">Domingos Presencial<\/h3><p class=\"elementor-image-box-description\">Servicios Dominicales 3:30pm<\/p><\/div><\/div>\t\t\t\t<\/div>\n\t\t\t\t<\/div>\n\t\t\t\t\t<\/div>\n\t\t<\/div>\n\t\t\t\t\t<\/div>\n\t\t<\/section>\n\t\t\t\t\t<\/div>\n\t\t<\/div>\n\t\t\t\t\t<\/div>\n\t\t<\/section>\n\t\t\t\t<\/div>","protected":false},"excerpt":{"rendered":"<p>Servicios TE INVITAMOS A FORMA PARTE DE NUESTRA FAMILIA Dios nos ha marcado con una visi\u00f3n, y nuestra pasi\u00f3n es caminar de acuerdo al prop\u00f3sito de Su coraz\u00f3n. Cada miembro de esta familia se convierte en una parte activa del cuerpo de Cristo; siempre en movimiento, creciendo y multiplic\u00e1ndose. Estamos hambrientos por m\u00e1s de Su [&hellip;]<\/p>\n","protected":false},"author":1,"featured_media":0,"parent":0,"menu_order":0,"comment_status":"closed","ping_status":"closed","template":"","meta":{"site-sidebar-layout":"no-sidebar","site-content-layout":"page-builder","ast-site-content-layout":"default","site-content-style":"default","site-sidebar-style":"default","ast-global-header-display":"","ast-banner-title-visibility":"","ast-main-header-display":"","ast-hfb-above-header-display":"","ast-hfb-below-header-display":"","ast-hfb-mobile-header-display":"","site-post-title":"disabled","ast-breadcrumbs-content":"","ast-featured-img":"disabled","footer-sml-layout":"","ast-disable-related-posts":"","theme-transparent-header-meta":"default","adv-header-id-meta":"","stick-header-meta":"","header-above-stick-meta":"","header-main-stick-meta":"","header-below-stick-meta":"","astra-migrate-meta-layouts":"default","ast-page-background-enabled":"default","ast-page-background-meta":{"desktop":{"background-color":"","background-image":"","background-repeat":"repeat","background-position":"center center","background-size":"auto","background-attachment":"scroll","background-type":"","background-media":"","overlay-type":"","overlay-color":"","overlay-opacity":"","overlay-gradient":""},"tablet":{"background-color":"","background-image":"","background-repeat":"repeat","background-position":"center center","background-size":"auto","background-attachment":"scroll","background-type":"","background-media":"","overlay-type":"","overlay-color":"","overlay-opacity":"","overlay-gradient":""},"mobile":{"background-color":"","background-image":"","background-repeat":"repeat","background-position":"center center","background-size":"auto","background-attachment":"scroll","background-type":"","background-media":"","overlay-type":"","overlay-color":"","overlay-opacity":"","overlay-gradient":""}},"ast-content-background-meta":{"desktop":{"background-color":"var(--ast-global-color-5)","background-image":"","background-repeat":"repeat","background-position":"center center","background-size":"auto","background-attachment":"scroll","background-type":"","background-media":"","overlay-type":"","overlay-color":"","overlay-opacity":"","overlay-gradient":""},"tablet":{"background-color":"var(--ast-global-color-5)","background-image":"","background-repeat":"repeat","background-position":"center center","background-size":"auto","background-attachment":"scroll","background-type":"","background-media":"","overlay-type":"","overlay-color":"","overlay-opacity":"","overlay-gradient":""},"mobile":{"background-color":"var(--ast-global-color-5)","background-image":"","background-repeat":"repeat","background-position":"center center","background-size":"auto","background-attachment":"scroll","background-type":"","background-media":"","overlay-type":"","overlay-color":"","overlay-opacity":"","overlay-gradient":""}},"footnotes":""},"class_list":["post-660","page","type-page","status-publish","hentry"],"jetpack-related-posts":[],"jetpack_sharing_enabled":true,"_links":{"self":[{"href":"https:\/\/ministerioslevantateainspirar.org\/en\/wp-json\/wp\/v2\/pages\/660","targetHints":{"allow":["GET"]}}],"collection":[{"href":"https:\/\/ministerioslevantateainspirar.org\/en\/wp-json\/wp\/v2\/pages"}],"about":[{"href":"https:\/\/ministerioslevantateainspirar.org\/en\/wp-json\/wp\/v2\/types\/page"}],"author":[{"embeddable":true,"href":"https:\/\/ministerioslevantateainspirar.org\/en\/wp-json\/wp\/v2\/users\/1"}],"replies":[{"embeddable":true,"href":"https:\/\/ministerioslevantateainspirar.org\/en\/wp-json\/wp\/v2\/comments?post=660"}],"version-history":[{"count":65,"href":"https:\/\/ministerioslevantateainspirar.org\/en\/wp-json\/wp\/v2\/pages\/660\/revisions"}],"predecessor-version":[{"id":1212,"href":"https:\/\/ministerioslevantateainspirar.org\/en\/wp-json\/wp\/v2\/pages\/660\/revisions\/1212"}],"wp:attachment":[{"href":"https:\/\/ministerioslevantateainspirar.org\/en\/wp-json\/wp\/v2\/media?parent=660"}],"curies":[{"name":"wp","href":"https:\/\/api.w.org\/{rel}","templated":true}]}}