{"id":792,"date":"2021-10-24T02:39:18","date_gmt":"2021-10-24T02:39:18","guid":{"rendered":"https:\/\/ministerioslevantateainspirar.org\/?page_id=792"},"modified":"2022-02-23T18:09:04","modified_gmt":"2022-02-23T18:09:04","slug":"vision-mision","status":"publish","type":"page","link":"https:\/\/ministerioslevantateainspirar.org\/en\/vision-mision\/","title":{"rendered":"Vision &amp; Mission"},"content":{"rendered":"<div data-elementor-type=\"wp-page\" data-elementor-id=\"792\" class=\"elementor elementor-792\">\n\t\t\t\t\t\t<section class=\"elementor-section elementor-top-section elementor-element elementor-element-d367f39 elementor-section-boxed elementor-section-height-default elementor-section-height-default\" data-id=\"d367f39\" data-element_type=\"section\" data-e-type=\"section\">\n\t\t\t\t\t\t<div class=\"elementor-container elementor-column-gap-default\">\n\t\t\t\t\t<div class=\"elementor-column elementor-col-100 elementor-top-column elementor-element elementor-element-3db54c1\" data-id=\"3db54c1\" data-element_type=\"column\" data-e-type=\"column\">\n\t\t\t<div class=\"elementor-widget-wrap elementor-element-populated\">\n\t\t\t\t\t\t<div class=\"elementor-element elementor-element-130197e elementor-widget elementor-widget-text-editor\" data-id=\"130197e\" data-element_type=\"widget\" data-e-type=\"widget\" data-widget_type=\"text-editor.default\">\n\t\t\t\t<div class=\"elementor-widget-container\">\n\t\t\t\t\t\t\t\t\t<h3 class=\"font_0\"><strong>Vision<\/strong><\/h3><h3 class=\"font_0\"><strong>\u00a0 \u00a0 \u00a0 \u00a0 Mission<\/strong><\/h3>\t\t\t\t\t\t\t\t<\/div>\n\t\t\t\t<\/div>\n\t\t\t\t<section class=\"elementor-section elementor-inner-section elementor-element elementor-element-bd6b541 elementor-section-boxed elementor-section-height-default elementor-section-height-default\" data-id=\"bd6b541\" data-element_type=\"section\" data-e-type=\"section\">\n\t\t\t\t\t\t<div class=\"elementor-container elementor-column-gap-default\">\n\t\t\t\t\t<div class=\"elementor-column elementor-col-50 elementor-inner-column elementor-element elementor-element-e517e49\" data-id=\"e517e49\" data-element_type=\"column\" data-e-type=\"column\">\n\t\t\t<div class=\"elementor-widget-wrap elementor-element-populated\">\n\t\t\t\t\t\t<div class=\"elementor-element elementor-element-d8bf095 elementor-widget elementor-widget-text-editor\" data-id=\"d8bf095\" data-element_type=\"widget\" data-e-type=\"widget\" data-widget_type=\"text-editor.default\">\n\t\t\t\t<div class=\"elementor-widget-container\">\n\t\t\t\t\t\t\t\t\t<h5 class=\"font_0\">To declare the good news of salvation to the nations carrying a Christ-centered message A ministry characterized by commitment, character, faith, passion and consistency; carrying out the conquest and preparation of the ground for the great revival promised in the word of God, sent to chart the order of the church and carry out the vision God revealed to him to raise up an army of leaders to reach and win this generation and those to come, leaving a reforming and restoring legacy to the body of Christ.<\/h5>\t\t\t\t\t\t\t\t<\/div>\n\t\t\t\t<\/div>\n\t\t\t\t\t<\/div>\n\t\t<\/div>\n\t\t\t\t<div class=\"elementor-column elementor-col-50 elementor-inner-column elementor-element elementor-element-97a5299\" data-id=\"97a5299\" data-element_type=\"column\" data-e-type=\"column\">\n\t\t\t<div class=\"elementor-widget-wrap elementor-element-populated\">\n\t\t\t\t\t\t<div class=\"elementor-element elementor-element-6bd1724 elementor-widget elementor-widget-text-editor\" data-id=\"6bd1724\" data-element_type=\"widget\" data-e-type=\"widget\" data-widget_type=\"text-editor.default\">\n\t\t\t\t<div class=\"elementor-widget-container\">\n\t\t\t\t\t\t\t\t\t<h5 class=\"font_0\">Its main mission is to take to all nations a message of Restoration, Renewal, Salvation, Unity and Love; supporting our community with community programs and strengthening our brothers through Faith, with a powerful biblical platform and The Apostolic and Prophetic Anointing to transform the atmospheres of the regions that are touched by God through this Ministry. Under this sending of the Lord to establish The Kingdom of God on earth, thus producing a profound Reformation, transitioning the Body of Christ to the restoration of all things promised for the end times, through His Grace.<\/h5>\t\t\t\t\t\t\t\t<\/div>\n\t\t\t\t<\/div>\n\t\t\t\t\t<\/div>\n\t\t<\/div>\n\t\t\t\t\t<\/div>\n\t\t<\/section>\n\t\t\t\t<div class=\"elementor-element elementor-element-be1d14a elementor-widget elementor-widget-text-editor\" data-id=\"be1d14a\" data-element_type=\"widget\" data-e-type=\"widget\" data-widget_type=\"text-editor.default\">\n\t\t\t\t<div class=\"elementor-widget-container\">\n\t\t\t\t\t\t\t\t\t<div id=\"comp-jw3sctfx\" class=\"txtNew\" data-packed=\"true\" data-vertical-text=\"false\">\u00a0<\/div><h5 class=\"font_0\">\u00a0<\/h5><h5 id=\"comp-jw3v7xew\" class=\"txtNew\" data-packed=\"true\" data-vertical-text=\"false\"><strong>EVANGELIZE<\/strong><br \/><br \/>It is that stage of the vision process in which we win souls for Christ.\u00a0EVERY church member should be a soul winner.\u00a0Our evangelism is supernatural, for we not only preach the Word and witness, but we also manifest proofs of God's power through miracles, healings, prophetic words and knowledge.<br \/><br \/><span class=\"wixGuard\">\u200b<\/span><br \/><br \/><strong>AFFIRM<\/strong><br \/><br \/>It is that stage of the visioning process by which the decision of the new believer (NC) is cemented, secured, consolidated and followed up appropriately until he\/she develops the basic foundations of his\/her new life in Christ, so that he\/she can then become part of a discipleship group.<br \/><br \/><span class=\"wixGuard\">\u200b<\/span><br \/><br \/><strong>DISCIPLESHIP<\/strong><br \/><br \/>The objective of discipleship is to teach, train, equip, activate and shepherd as it seeks the constant and continuous growth of the person.<br \/><br \/><span class=\"wixGuard\">\u200b<\/span><br \/><br \/><strong>SEND TO PREACH<\/strong><br \/><br \/>Leaders are sent within the local church, with the DNA of that House and equipped with the power and gifts necessary to extend the Kingdom of God by developing each of the tasks entrusted to them. Also, as they grow spiritually, they can be promoted and sent as a deacon, elder or minister, according to the call that God has for their life.<br \/><br \/><span class=\"wixGuard\">\u200b<\/span><\/h5>\t\t\t\t\t\t\t\t<\/div>\n\t\t\t\t<\/div>\n\t\t\t\t\t<\/div>\n\t\t<\/div>\n\t\t\t\t\t<\/div>\n\t\t<\/section>\n\t\t\t\t<\/div>","protected":false},"excerpt":{"rendered":"<p>Visi\u00f3n \u00a0 \u00a0 \u00a0 \u00a0 Misi\u00f3n Declarar\u00a0las buenas nuevas de salvaci\u00f3n a las naciones llevando un mensaje cristoc\u00e9ntrico Un ministerio que se caracteriza por la entrega, el car\u00e1cter, la fe, la pasi\u00f3n y la consistencia; llevando a cabo la conquista y la preparaci\u00f3n del terreno para el gran avivamiento prometido en la palabra de Dios, [&hellip;]<\/p>\n","protected":false},"author":1,"featured_media":0,"parent":0,"menu_order":0,"comment_status":"closed","ping_status":"closed","template":"","meta":{"site-sidebar-layout":"no-sidebar","site-content-layout":"page-builder","ast-site-content-layout":"default","site-content-style":"default","site-sidebar-style":"default","ast-global-header-display":"","ast-banner-title-visibility":"","ast-main-header-display":"","ast-hfb-above-header-display":"","ast-hfb-below-header-display":"","ast-hfb-mobile-header-display":"","site-post-title":"disabled","ast-breadcrumbs-content":"","ast-featured-img":"disabled","footer-sml-layout":"","ast-disable-related-posts":"","theme-transparent-header-meta":"default","adv-header-id-meta":"","stick-header-meta":"","header-above-stick-meta":"","header-main-stick-meta":"","header-below-stick-meta":"","astra-migrate-meta-layouts":"default","ast-page-background-enabled":"default","ast-page-background-meta":{"desktop":{"background-color":"","background-image":"","background-repeat":"repeat","background-position":"center center","background-size":"auto","background-attachment":"scroll","background-type":"","background-media":"","overlay-type":"","overlay-color":"","overlay-opacity":"","overlay-gradient":""},"tablet":{"background-color":"","background-image":"","background-repeat":"repeat","background-position":"center center","background-size":"auto","background-attachment":"scroll","background-type":"","background-media":"","overlay-type":"","overlay-color":"","overlay-opacity":"","overlay-gradient":""},"mobile":{"background-color":"","background-image":"","background-repeat":"repeat","background-position":"center center","background-size":"auto","background-attachment":"scroll","background-type":"","background-media":"","overlay-type":"","overlay-color":"","overlay-opacity":"","overlay-gradient":""}},"ast-content-background-meta":{"desktop":{"background-color":"var(--ast-global-color-5)","background-image":"","background-repeat":"repeat","background-position":"center center","background-size":"auto","background-attachment":"scroll","background-type":"","background-media":"","overlay-type":"","overlay-color":"","overlay-opacity":"","overlay-gradient":""},"tablet":{"background-color":"var(--ast-global-color-5)","background-image":"","background-repeat":"repeat","background-position":"center center","background-size":"auto","background-attachment":"scroll","background-type":"","background-media":"","overlay-type":"","overlay-color":"","overlay-opacity":"","overlay-gradient":""},"mobile":{"background-color":"var(--ast-global-color-5)","background-image":"","background-repeat":"repeat","background-position":"center center","background-size":"auto","background-attachment":"scroll","background-type":"","background-media":"","overlay-type":"","overlay-color":"","overlay-opacity":"","overlay-gradient":""}},"footnotes":""},"class_list":["post-792","page","type-page","status-publish","hentry"],"jetpack-related-posts":[],"jetpack_sharing_enabled":true,"_links":{"self":[{"href":"https:\/\/ministerioslevantateainspirar.org\/en\/wp-json\/wp\/v2\/pages\/792","targetHints":{"allow":["GET"]}}],"collection":[{"href":"https:\/\/ministerioslevantateainspirar.org\/en\/wp-json\/wp\/v2\/pages"}],"about":[{"href":"https:\/\/ministerioslevantateainspirar.org\/en\/wp-json\/wp\/v2\/types\/page"}],"author":[{"embeddable":true,"href":"https:\/\/ministerioslevantateainspirar.org\/en\/wp-json\/wp\/v2\/users\/1"}],"replies":[{"embeddable":true,"href":"https:\/\/ministerioslevantateainspirar.org\/en\/wp-json\/wp\/v2\/comments?post=792"}],"version-history":[{"count":14,"href":"https:\/\/ministerioslevantateainspirar.org\/en\/wp-json\/wp\/v2\/pages\/792\/revisions"}],"predecessor-version":[{"id":1007,"href":"https:\/\/ministerioslevantateainspirar.org\/en\/wp-json\/wp\/v2\/pages\/792\/revisions\/1007"}],"wp:attachment":[{"href":"https:\/\/ministerioslevantateainspirar.org\/en\/wp-json\/wp\/v2\/media?parent=792"}],"curies":[{"name":"wp","href":"https:\/\/api.w.org\/{rel}","templated":true}]}}